{"id":3,"date":"2025-03-02T15:23:08","date_gmt":"2025-03-02T14:23:08","guid":{"rendered":"http:\/\/spanisch-live.de\/?page_id=3"},"modified":"2025-03-17T10:22:50","modified_gmt":"2025-03-17T09:22:50","slug":"datenschutzerklaerung","status":"publish","type":"page","link":"http:\/\/spanisch-live.de\/?page_id=3","title":{"rendered":"Spanische Sprache und Kultur"},"content":{"rendered":"\n<p>\u00a1Aprender espa\u00f1ol es divertido!<\/p>\n\n\n\n<p>Bienvenido a spanisch-live.de. Aqu\u00ed puedes aprender espa\u00f1ol de forma f\u00e1cil y divertida. Encontrar\u00e1s frases \u00fatiles, ejercicios y consejos para mejorar tu espa\u00f1ol. No importa si eres principiante, \u00a1lo importante es empezar!<\/p>\n\n\n\n<h2 class=\"wp-block-heading\"><\/h2>\n","protected":false},"excerpt":{"rendered":"<p>\u00a1Aprender espa\u00f1ol es divertido! Bienvenido a spanisch-live.de. Aqu\u00ed puedes aprender espa\u00f1ol de forma f\u00e1cil y divertida. Encontrar\u00e1s frases \u00fatiles, ejercicios y consejos para mejorar tu espa\u00f1ol. No importa si eres principiante, \u00a1lo importante es empezar!<\/p>\n","protected":false},"author":1,"featured_media":83,"parent":0,"menu_order":0,"comment_status":"closed","ping_status":"closed","template":"","meta":{"footnotes":""},"class_list":["post-3","page","type-page","status-publish","has-post-thumbnail","hentry"],"_links":{"self":[{"href":"http:\/\/spanisch-live.de\/index.php?rest_route=\/wp\/v2\/pages\/3","targetHints":{"allow":["GET"]}}],"collection":[{"href":"http:\/\/spanisch-live.de\/index.php?rest_route=\/wp\/v2\/pages"}],"about":[{"href":"http:\/\/spanisch-live.de\/index.php?rest_route=\/wp\/v2\/types\/page"}],"author":[{"embeddable":true,"href":"http:\/\/spanisch-live.de\/index.php?rest_route=\/wp\/v2\/users\/1"}],"replies":[{"embeddable":true,"href":"http:\/\/spanisch-live.de\/index.php?rest_route=%2Fwp%2Fv2%2Fcomments&post=3"}],"version-history":[{"count":12,"href":"http:\/\/spanisch-live.de\/index.php?rest_route=\/wp\/v2\/pages\/3\/revisions"}],"predecessor-version":[{"id":114,"href":"http:\/\/spanisch-live.de\/index.php?rest_route=\/wp\/v2\/pages\/3\/revisions\/114"}],"wp:featuredmedia":[{"embeddable":true,"href":"http:\/\/spanisch-live.de\/index.php?rest_route=\/wp\/v2\/media\/83"}],"wp:attachment":[{"href":"http:\/\/spanisch-live.de\/index.php?rest_route=%2Fwp%2Fv2%2Fmedia&parent=3"}],"curies":[{"name":"wp","href":"https:\/\/api.w.org\/{rel}","templated":true}]}}